{"id":3920,"date":"2020-06-01T10:27:51","date_gmt":"2020-06-01T07:27:51","guid":{"rendered":"http:\/\/attachmentsforexcavators.com\/?page_id=3920"},"modified":"2023-09-22T12:36:19","modified_gmt":"2023-09-22T09:36:19","slug":"videos","status":"publish","type":"page","link":"https:\/\/attachmentsforexcavators.com\/en\/videos\/","title":{"rendered":"Videos"},"content":{"rendered":"<p><iframe width=\"100%\" height=\"400\" src=\"https:\/\/www.youtube.com\/embed\/QZ4eFAUstrs\" title=\"How is Made Clamshell Bucket - NG Attachments\" frameborder=\"0\" allow=\"accelerometer; autoplay; clipboard-write; encrypted-media; gyroscope; picture-in-picture; web-share\" allowfullscreen><\/iframe><\/p>\n<p><iframe width=\"100%\" height=\"400\" src=\"https:\/\/www.youtube.com\/embed\/w1G083K6UFA\" title=\"Hitachi Construction Machinery  Hydraulic Timber Grabs for Excavator Hydraulic Grapple Attachments\" frameborder=\"0\" allow=\"accelerometer; autoplay; clipboard-write; encrypted-media; gyroscope; picture-in-picture; web-share\" allowfullscreen><\/iframe><\/p>\n<p><iframe width=\"100%\" height=\"400\" src=\"https:\/\/www.youtube.com\/embed\/qnLvJZSFZhg\" title=\"SK\u0130D STEEER LOADER  ASPHALT COLD PLANER #COLDPLANERFORSK\u0130DSTEER\" frameborder=\"0\" allow=\"accelerometer; autoplay; clipboard-write; encrypted-media; gyroscope; picture-in-picture; web-share\" allowfullscreen><\/iframe><\/p>\n<p><iframe width=\"100%\" height=\"400\" src=\"https:\/\/www.youtube.com\/embed\/B2YMEuXqO80\" title=\"Nur Grup M\u00fchendislik -Ng Attachments tan\u0131t\u0131m filmi\" frameborder=\"0\" allow=\"accelerometer; autoplay; clipboard-write; encrypted-media; gyroscope; picture-in-picture; web-share\" allowfullscreen><\/iframe><\/p>\n<p><iframe width=\"100%\" height=\"400\" src=\"https:\/\/www.youtube.com\/embed\/B2YMEuXqO80\" title=\"Nur Grup M\u00fchendislik -Ng Attachments tan\u0131t\u0131m filmi\" frameborder=\"0\" allow=\"accelerometer; autoplay; clipboard-write; encrypted-media; gyroscope; picture-in-picture; web-share\" allowfullscreen><\/iframe><\/p>\n","protected":false},"excerpt":{"rendered":"","protected":false},"author":1,"featured_media":0,"parent":0,"menu_order":0,"comment_status":"closed","ping_status":"closed","template":"","meta":{"pgc_sgb_lightbox_settings":"","footnotes":""},"class_list":["post-3920","page","type-page","status-publish","hentry"],"_links":{"self":[{"href":"https:\/\/attachmentsforexcavators.com\/en\/wp-json\/wp\/v2\/pages\/3920","targetHints":{"allow":["GET"]}}],"collection":[{"href":"https:\/\/attachmentsforexcavators.com\/en\/wp-json\/wp\/v2\/pages"}],"about":[{"href":"https:\/\/attachmentsforexcavators.com\/en\/wp-json\/wp\/v2\/types\/page"}],"author":[{"embeddable":true,"href":"https:\/\/attachmentsforexcavators.com\/en\/wp-json\/wp\/v2\/users\/1"}],"replies":[{"embeddable":true,"href":"https:\/\/attachmentsforexcavators.com\/en\/wp-json\/wp\/v2\/comments?post=3920"}],"version-history":[{"count":0,"href":"https:\/\/attachmentsforexcavators.com\/en\/wp-json\/wp\/v2\/pages\/3920\/revisions"}],"wp:attachment":[{"href":"https:\/\/attachmentsforexcavators.com\/en\/wp-json\/wp\/v2\/media?parent=3920"}],"curies":[{"name":"wp","href":"https:\/\/api.w.org\/{rel}","templated":true}]}}